{"id":66,"date":"2022-09-08T23:36:01","date_gmt":"2022-09-08T21:36:01","guid":{"rendered":"http:\/\/geneaservices.com\/?page_id=66"},"modified":"2022-11-21T20:00:46","modified_gmt":"2022-11-21T19:00:46","slug":"contact","status":"publish","type":"page","link":"http:\/\/geneaservices.com\/fr\/contact\/","title":{"rendered":"Contactez Nous!"},"content":{"rendered":"<div class=\"wp-block-group\"><div class=\"wp-block-group__inner-container is-layout-flow wp-block-group-is-layout-flow\">\n<div class=\"wp-block-columns alignfull is-layout-flex wp-container-core-columns-is-layout-28f84493 wp-block-columns-is-layout-flex\">\n<div class=\"wp-block-column is-layout-flow wp-block-column-is-layout-flow\">\n<div class=\"wp-block-cover wp-duotone-e5e5e5-000000-1\"><span aria-hidden=\"true\" class=\"wp-block-cover__background has-accent-background-color has-background-dim\"><\/span><div class=\"wp-block-cover__inner-container is-layout-flow wp-block-cover-is-layout-flow\">\n<p class=\"has-text-align-center has-large-font-size\">Envoyez nous votre information! <\/p>\n\n\n<div class=\"wp-block-image\">\n<figure class=\"aligncenter size-full is-resized\"><img loading=\"lazy\" decoding=\"async\" src=\"http:\/\/geneaservices.com\/wp-content\/uploads\/2022\/09\/postage-stamp-centennial-founding-Pony-Express-1860.webp\" alt=\"\" class=\"wp-image-192\" width=\"502\" height=\"318\" srcset=\"http:\/\/geneaservices.com\/wp-content\/uploads\/2022\/09\/postage-stamp-centennial-founding-Pony-Express-1860.webp 800w, http:\/\/geneaservices.com\/wp-content\/uploads\/2022\/09\/postage-stamp-centennial-founding-Pony-Express-1860-300x190.webp 300w, http:\/\/geneaservices.com\/wp-content\/uploads\/2022\/09\/postage-stamp-centennial-founding-Pony-Express-1860-768x486.webp 768w, http:\/\/geneaservices.com\/wp-content\/uploads\/2022\/09\/postage-stamp-centennial-founding-Pony-Express-1860-18x12.webp 18w\" sizes=\"auto, (max-width: 502px) 100vw, 502px\" \/><\/figure>\n<\/div><\/div><\/div>\n<\/div>\n<\/div>\n<\/div><\/div>\n\n\n\n<p class=\"has-text-align-center\">Nous sommes heureux de vous accompagner \u00e0 d\u00e9couvrir votre patrimoine fran\u00e7aise! Dites nous comment nous pouvons vous servir.  <\/p>\n\n\n\n<div class=\"wp-block-columns container is-layout-flex wp-container-core-columns-is-layout-28f84493 wp-block-columns-is-layout-flex\">\n<div class=\"wp-block-column is-vertically-aligned-center is-layout-flow wp-block-column-is-layout-flow\"><div class=\"wpforms-container wpforms-container-full wpforms-block\" id=\"wpforms-199\"><form id=\"wpforms-form-199\" class=\"wpforms-validate wpforms-form wpforms-ajax-form\" data-formid=\"199\" method=\"post\" enctype=\"multipart\/form-data\" action=\"\/fr\/wp-json\/wp\/v2\/pages\/66\" data-token=\"a8a04903a4febef92e184d36fb62d797\" data-token-time=\"1776774373\" data-trp-original-action=\"\/fr\/wp-json\/wp\/v2\/pages\/66\"><noscript class=\"wpforms-error-noscript\">Veuillez activer JavaScript dans votre navigateur pour remplir ce formulaire.<\/noscript><div class=\"wpforms-field-container\"><div id=\"wpforms-199-field_0-container\" class=\"wpforms-field wpforms-field-name wpforms-one-third wpforms-one-half wpforms-first wpforms-two-fourths wpforms-two-thirds wpforms-two-fourthswpforms-one-half\" data-field-id=\"0\"><label class=\"wpforms-field-label\" for=\"wpforms-199-field_0\">Name  <span class=\"wpforms-required-label\">*<\/span><\/label><input type=\"text\" id=\"wpforms-199-field_0\" class=\"wpforms-field-large wpforms-field-required\" name=\"wpforms[fields][0]\" required><\/div><div id=\"wpforms-199-field_1-container\" class=\"wpforms-field wpforms-field-email wpforms-two-fourthswpforms-one-half wpforms-one-half wpforms-first\" data-field-id=\"1\"><label class=\"wpforms-field-label\">E-mail <span class=\"wpforms-required-label\">*<\/span><\/label><div class=\"wpforms-field-row wpforms-field-large\"><div class=\"wpforms-field-row-block wpforms-one-half wpforms-first\"><input type=\"email\" id=\"wpforms-199-field_1\" class=\"wpforms-field-required wpforms-field-email-primary\" name=\"wpforms[fields][1][primary]\" spellcheck=\"false\" required><label for=\"wpforms-199-field_1\" class=\"wpforms-field-sublabel after\">E-mail<\/label><\/div><div class=\"wpforms-field-row-block wpforms-one-half\"><input type=\"email\" id=\"wpforms-199-field_1-secondary\" class=\"wpforms-field-email-secondary wpforms-field-required\" data-rule-confirm=\"#wpforms-199-field_1\" name=\"wpforms[fields][1][secondary]\" spellcheck=\"false\" required><label for=\"wpforms-199-field_1-secondary\" class=\"wpforms-field-sublabel after\">Confirmez l\u2019e-mail<\/label><\/div><\/div><\/div><div id=\"wpforms-199-field_4-container\" class=\"wpforms-field wpforms-field-text wpforms-two-fourthswpforms-one-half wpforms-first\" data-field-id=\"4\"><label class=\"wpforms-field-label\" for=\"wpforms-199-field_4\">Sujet<\/label><input type=\"text\" id=\"wpforms-199-field_4\" class=\"wpforms-field-large\" name=\"wpforms[fields][4]\" ><\/div><div id=\"wpforms-199-field_2-container\" class=\"wpforms-field wpforms-field-textarea wpforms-two-fourthswpforms-one-half wpforms-first\" data-field-id=\"2\"><label class=\"wpforms-field-label\" for=\"wpforms-199-field_2\">Message<\/label><textarea id=\"wpforms-199-field_2\" class=\"wpforms-field-large\" name=\"wpforms[fields][2]\" ><\/textarea><\/div><\/div><!-- .wpforms-field-container --><div class=\"wpforms-submit-container\" ><input type=\"hidden\" name=\"wpforms[id]\" value=\"199\"><input type=\"hidden\" name=\"page_title\" value=\"\"><input type=\"hidden\" name=\"page_url\" value=\"http:\/\/geneaservices.com\/fr\/wp-json\/wp\/v2\/pages\/66\"><input type=\"hidden\" name=\"url_referer\" value=\"\"><button type=\"submit\" name=\"wpforms[submit]\" id=\"wpforms-submit-199\" class=\"wpforms-submit\" data-alt-text=\"Sending\/Envoi...\" data-submit-text=\"Send Message\" aria-live=\"assertive\" value=\"wpforms-submit\">Send Message<\/button><img loading=\"lazy\" decoding=\"async\" src=\"http:\/\/geneaservices.com\/wp-content\/plugins\/wpforms-lite\/assets\/images\/submit-spin.svg\" class=\"wpforms-submit-spinner\" style=\"display: none;\" width=\"26\" height=\"26\" alt=\"Chargement en cours\"><\/div><input type=\"hidden\" name=\"trp-form-language\" value=\"fr\"\/><\/form><\/div>  <!-- .wpforms-container --><\/div>\n<\/div>","protected":false},"excerpt":{"rendered":"<p>Nous sommes heureux de vous accompagner \u00e0 d\u00e9couvrir votre patrimoine fran\u00e7aise! Dites nous comment nous pouvons vous servir.<\/p>","protected":false},"author":1,"featured_media":192,"parent":0,"menu_order":0,"comment_status":"closed","ping_status":"closed","template":"page-templates\/template-pagebuilder-full-width.php","meta":{"_themeisle_gutenberg_block_has_review":false,"footnotes":""},"class_list":["post-66","page","type-page","status-publish","has-post-thumbnail","hentry"],"_links":{"self":[{"href":"http:\/\/geneaservices.com\/fr\/wp-json\/wp\/v2\/pages\/66","targetHints":{"allow":["GET"]}}],"collection":[{"href":"http:\/\/geneaservices.com\/fr\/wp-json\/wp\/v2\/pages"}],"about":[{"href":"http:\/\/geneaservices.com\/fr\/wp-json\/wp\/v2\/types\/page"}],"author":[{"embeddable":true,"href":"http:\/\/geneaservices.com\/fr\/wp-json\/wp\/v2\/users\/1"}],"replies":[{"embeddable":true,"href":"http:\/\/geneaservices.com\/fr\/wp-json\/wp\/v2\/comments?post=66"}],"version-history":[{"count":30,"href":"http:\/\/geneaservices.com\/fr\/wp-json\/wp\/v2\/pages\/66\/revisions"}],"predecessor-version":[{"id":416,"href":"http:\/\/geneaservices.com\/fr\/wp-json\/wp\/v2\/pages\/66\/revisions\/416"}],"wp:featuredmedia":[{"embeddable":true,"href":"http:\/\/geneaservices.com\/fr\/wp-json\/wp\/v2\/media\/192"}],"wp:attachment":[{"href":"http:\/\/geneaservices.com\/fr\/wp-json\/wp\/v2\/media?parent=66"}],"curies":[{"name":"wp","href":"https:\/\/api.w.org\/{rel}","templated":true}]}}