{"id":65,"date":"2022-09-08T23:36:00","date_gmt":"2022-09-08T21:36:00","guid":{"rendered":"http:\/\/geneaservices.com\/?page_id=65"},"modified":"2025-02-28T23:24:25","modified_gmt":"2025-02-28T22:24:25","slug":"home","status":"publish","type":"page","link":"http:\/\/geneaservices.com\/fr\/","title":{"rendered":"Accueil"},"content":{"rendered":"<div class=\"wp-block-cover alignfull is-light hestia-clear-top-padding\" style=\"min-height:753px;aspect-ratio:unset;\"><span aria-hidden=\"true\" class=\"wp-block-cover__background has-white-background-color has-background-dim-100 has-background-dim\"><\/span><div class=\"wp-block-cover__inner-container is-layout-flow wp-block-cover-is-layout-flow\">\n<h2 class=\"wp-block-heading has-text-align-center has-text-color\" style=\"color:#3c4858\">Nos Services<\/h2>\n\n\n\n<div style=\"height:40px\" aria-hidden=\"true\" class=\"wp-block-spacer\"><\/div>\n\n\n\n<div class=\"wp-block-columns container is-layout-flex wp-container-core-columns-is-layout-28f84493 wp-block-columns-is-layout-flex\">\n<div class=\"wp-block-column is-layout-flow wp-block-column-is-layout-flow\">\n<figure class=\"wp-block-gallery aligncenter has-nested-images columns-default is-cropped wp-block-gallery-1 is-layout-flex wp-block-gallery-is-layout-flex\">\n<figure class=\"wp-block-image size-large is-style-rounded\"><img loading=\"lazy\" decoding=\"async\" width=\"1024\" height=\"724\" data-id=\"351\" src=\"http:\/\/geneaservices.com\/wp-content\/uploads\/2022\/10\/Blanchard600-1024x724.jpg\" alt=\"\" class=\"wp-image-351\" srcset=\"http:\/\/geneaservices.com\/wp-content\/uploads\/2022\/10\/Blanchard600-1024x724.jpg 1024w, http:\/\/geneaservices.com\/wp-content\/uploads\/2022\/10\/Blanchard600-300x212.jpg 300w, http:\/\/geneaservices.com\/wp-content\/uploads\/2022\/10\/Blanchard600-768x543.jpg 768w, http:\/\/geneaservices.com\/wp-content\/uploads\/2022\/10\/Blanchard600-1536x1087.jpg 1536w, http:\/\/geneaservices.com\/wp-content\/uploads\/2022\/10\/Blanchard600-2048x1449.jpg 2048w, http:\/\/geneaservices.com\/wp-content\/uploads\/2022\/10\/Blanchard600-18x12.jpg 18w\" sizes=\"auto, (max-width: 1024px) 100vw, 1024px\" \/><\/figure>\n<\/figure>\n\n\n\n<p><\/p>\n\n\n\n<h5 class=\"wp-block-heading has-text-align-center has-text-color\" style=\"color:#3c4858;font-size:18px\">Recherche de l'histoire familiale<\/h5>\n\n\n\n<p class=\"has-text-align-center has-text-color\" style=\"color:#999999;font-size:14px\">Nous pouvons lire des registres du XV\u00e8me si\u00e8cle \u00e0 nos jours. Nous pouvons vous aider \u00e0 conna\u00eetre vos anc\u00eatres.<\/p>\n\n\n\n<div style=\"height:25px\" aria-hidden=\"true\" class=\"wp-block-spacer\"><\/div>\n<\/div>\n\n\n\n<div class=\"wp-block-column is-layout-flow wp-block-column-is-layout-flow\">\n<figure class=\"wp-block-gallery aligncenter has-nested-images columns-default is-cropped wp-block-gallery-2 is-layout-flex wp-block-gallery-is-layout-flex\">\n<figure class=\"wp-block-image size-large is-style-rounded\"><img loading=\"lazy\" decoding=\"async\" width=\"1938\" height=\"1300\" data-id=\"362\" src=\"http:\/\/geneaservices.com\/wp-content\/uploads\/2022\/10\/DSC01055-2-edited-2.jpg\" alt=\"\" class=\"wp-image-362\" srcset=\"http:\/\/geneaservices.com\/wp-content\/uploads\/2022\/10\/DSC01055-2-edited-2.jpg 1938w, http:\/\/geneaservices.com\/wp-content\/uploads\/2022\/10\/DSC01055-2-edited-2-300x201.jpg 300w, http:\/\/geneaservices.com\/wp-content\/uploads\/2022\/10\/DSC01055-2-edited-2-1024x687.jpg 1024w, http:\/\/geneaservices.com\/wp-content\/uploads\/2022\/10\/DSC01055-2-edited-2-768x515.jpg 768w, http:\/\/geneaservices.com\/wp-content\/uploads\/2022\/10\/DSC01055-2-edited-2-1536x1030.jpg 1536w, http:\/\/geneaservices.com\/wp-content\/uploads\/2022\/10\/DSC01055-2-edited-2-18x12.jpg 18w, http:\/\/geneaservices.com\/wp-content\/uploads\/2022\/10\/DSC01055-2-edited-2-360x240.jpg 360w\" sizes=\"auto, (max-width: 1938px) 100vw, 1938px\" \/><\/figure>\n<\/figure>\n\n\n\n<p><\/p>\n\n\n\n<p><\/p>\n\n\n\n<h5 class=\"wp-block-heading has-text-align-center has-text-color\" style=\"color:#3c4858;font-size:18px\">Visite sur site<\/h5>\n\n\n\n<p><\/p>\n\n\n\n<p class=\"has-text-align-center has-text-color\" style=\"color:#999999;font-size:14px\">Nous vous proposons de vous aider \u00e0 organiser la visite des lieux de vie de vos anc\u00eatres, aussi bien d\u2019un point de vue g\u00e9ographique qu\u2019historique.<\/p>\n\n\n\n<div style=\"height:25px\" aria-hidden=\"true\" class=\"wp-block-spacer\"><\/div>\n<\/div>\n\n\n\n<div class=\"wp-block-column is-layout-flow wp-block-column-is-layout-flow\">\n<figure class=\"wp-block-gallery aligncenter has-nested-images columns-default is-cropped wp-block-gallery-3 is-layout-flex wp-block-gallery-is-layout-flex\">\n<figure class=\"wp-block-image size-large is-style-rounded\"><img loading=\"lazy\" decoding=\"async\" width=\"2560\" height=\"1918\" data-id=\"407\" src=\"http:\/\/geneaservices.com\/wp-content\/uploads\/2022\/10\/20170607_110014-edited-1-scaled.jpg\" alt=\"\" class=\"wp-image-407\" srcset=\"http:\/\/geneaservices.com\/wp-content\/uploads\/2022\/10\/20170607_110014-edited-1-scaled.jpg 2560w, http:\/\/geneaservices.com\/wp-content\/uploads\/2022\/10\/20170607_110014-edited-1-300x225.jpg 300w, http:\/\/geneaservices.com\/wp-content\/uploads\/2022\/10\/20170607_110014-edited-1-1024x767.jpg 1024w, http:\/\/geneaservices.com\/wp-content\/uploads\/2022\/10\/20170607_110014-edited-1-768x575.jpg 768w, http:\/\/geneaservices.com\/wp-content\/uploads\/2022\/10\/20170607_110014-edited-1-1536x1151.jpg 1536w, http:\/\/geneaservices.com\/wp-content\/uploads\/2022\/10\/20170607_110014-edited-1-2048x1534.jpg 2048w, http:\/\/geneaservices.com\/wp-content\/uploads\/2022\/10\/20170607_110014-edited-1-16x12.jpg 16w\" sizes=\"auto, (max-width: 2560px) 100vw, 2560px\" \/><\/figure>\n<\/figure>\n\n\n\n<figure class=\"wp-block-gallery has-nested-images columns-default is-cropped wp-block-gallery-4 is-layout-flex wp-block-gallery-is-layout-flex\"><\/figure>\n\n\n\n<h5 class=\"wp-block-heading has-text-align-center has-text-color\" style=\"color:#3c4858;font-size:18px\">Coaching<\/h5>\n\n\n\n<p class=\"has-text-align-center has-text-color\" style=\"color:#999999;font-size:14px\">Apprendre \u00e0 faire vos propres recherches est gratifiant. N\u2019h\u00e9sitez pas \u00e0 nous contacter, nous vous aiderons \u00e0 bien d\u00e9marrer et \u00e0 savoir comment surmonter les obstacles. <\/p>\n\n\n\n<div style=\"height:25px\" aria-hidden=\"true\" class=\"wp-block-spacer\"><\/div>\n<\/div>\n\n\n\n<div class=\"wp-block-column is-layout-flow wp-block-column-is-layout-flow\">\n<figure class=\"wp-block-gallery aligncenter has-nested-images columns-default is-cropped wp-block-gallery-5 is-layout-flex wp-block-gallery-is-layout-flex\"><div class=\"wp-block-image is-style-rounded\">\n<figure class=\"aligncenter size-full\"><img loading=\"lazy\" decoding=\"async\" width=\"764\" height=\"600\" data-id=\"372\" src=\"http:\/\/geneaservices.com\/wp-content\/uploads\/2022\/10\/Justice-scales.jpg\" alt=\"\" class=\"wp-image-372\" srcset=\"http:\/\/geneaservices.com\/wp-content\/uploads\/2022\/10\/Justice-scales.jpg 764w, http:\/\/geneaservices.com\/wp-content\/uploads\/2022\/10\/Justice-scales-300x236.jpg 300w, http:\/\/geneaservices.com\/wp-content\/uploads\/2022\/10\/Justice-scales-15x12.jpg 15w\" sizes=\"auto, (max-width: 764px) 100vw, 764px\" \/><\/figure>\n<\/div><\/figure>\n\n\n\n<figure class=\"wp-block-gallery has-nested-images columns-default is-cropped wp-block-gallery-6 is-layout-flex wp-block-gallery-is-layout-flex\"><\/figure>\n\n\n\n<h5 class=\"wp-block-heading has-text-align-center has-text-color\" style=\"color:#3c4858;font-size:18px\">La G\u00e9n\u00e9alogie Successorale<\/h5>\n\n\n\n<p class=\"has-text-align-center has-text-color\" style=\"color:#999999;font-size:14px\">Nous effectuons \u00e9galement des recherches successorales et des confirmations de d\u00e9volutions <\/p>\n\n\n\n<div style=\"height:25px\" aria-hidden=\"true\" class=\"wp-block-spacer\"><\/div>\n<\/div>\n<\/div>\n\n\n\n<div style=\"height:40px\" aria-hidden=\"true\" class=\"wp-block-spacer\"><\/div>\n<\/div><\/div>\n\n\n\n<div class=\"wp-block-columns container is-layout-flex wp-container-core-columns-is-layout-28f84493 wp-block-columns-is-layout-flex\">\n<div class=\"wp-block-column col-md-5 is-layout-flow wp-block-column-is-layout-flow\">\n<div style=\"height:55px\" aria-hidden=\"true\" class=\"wp-block-spacer\"><\/div>\n\n\n\n<h2 class=\"wp-block-heading\">Au sujet de G\u00e9n\u00e9aservices<\/h2>\n\n\n\n<p>Renaud, AG\u00ae, et Aim\u00e9e MARIE r\u00e9side en France et travaillent ensemble en tant de g\u00e9n\u00e9alogistes professionnels depuis 2006. Ils sont l'\u00e9quipe Anglais\/Fran\u00e7ais parfait \u00e0 r\u00e9soudre des \u00e9nigmes et vous aider \u00e0 comprendre qui sont vos anc\u00eatres. <\/p>\n<\/div>\n\n\n\n<div class=\"wp-block-column col-md-6 col-md-offset1 is-layout-flow wp-block-column-is-layout-flow\">\n<div style=\"height:55px\" aria-hidden=\"true\" class=\"wp-block-spacer\"><\/div>\n\n\n<div class=\"wp-block-image\">\n<figure class=\"alignright size-thumbnail is-resized\"><img loading=\"lazy\" decoding=\"async\" width=\"150\" height=\"150\" src=\"http:\/\/geneaservices.com\/wp-content\/uploads\/2024\/11\/attachment-1_-TRACE-2023-Platinum-badge-150x150.png\" alt=\"\" class=\"wp-image-433\" style=\"object-fit:cover;width:280px;height:auto\" srcset=\"http:\/\/geneaservices.com\/wp-content\/uploads\/2024\/11\/attachment-1_-TRACE-2023-Platinum-badge-150x150.png 150w, http:\/\/geneaservices.com\/wp-content\/uploads\/2024\/11\/attachment-1_-TRACE-2023-Platinum-badge-300x300.png 300w, http:\/\/geneaservices.com\/wp-content\/uploads\/2024\/11\/attachment-1_-TRACE-2023-Platinum-badge-12x12.png 12w, http:\/\/geneaservices.com\/wp-content\/uploads\/2024\/11\/attachment-1_-TRACE-2023-Platinum-badge.png 500w\" sizes=\"auto, (max-width: 150px) 100vw, 150px\" \/><\/figure>\n<\/div><\/div>\n<\/div>\n\n\n\n<p><\/p>","protected":false},"excerpt":{"rendered":"<p>About Geneaservices Renaud, AG\u00ae, and Aim\u00e9e MARIE reside in France and have worked together as professional genealogists since 2006. They are the perfect English\/French team to help resolve and understand who your ancestors are.<\/p>","protected":false},"author":1,"featured_media":347,"parent":0,"menu_order":0,"comment_status":"closed","ping_status":"closed","template":"","meta":{"_themeisle_gutenberg_block_has_review":false,"footnotes":""},"class_list":["post-65","page","type-page","status-publish","has-post-thumbnail","hentry"],"_links":{"self":[{"href":"http:\/\/geneaservices.com\/fr\/wp-json\/wp\/v2\/pages\/65","targetHints":{"allow":["GET"]}}],"collection":[{"href":"http:\/\/geneaservices.com\/fr\/wp-json\/wp\/v2\/pages"}],"about":[{"href":"http:\/\/geneaservices.com\/fr\/wp-json\/wp\/v2\/types\/page"}],"author":[{"embeddable":true,"href":"http:\/\/geneaservices.com\/fr\/wp-json\/wp\/v2\/users\/1"}],"replies":[{"embeddable":true,"href":"http:\/\/geneaservices.com\/fr\/wp-json\/wp\/v2\/comments?post=65"}],"version-history":[{"count":44,"href":"http:\/\/geneaservices.com\/fr\/wp-json\/wp\/v2\/pages\/65\/revisions"}],"predecessor-version":[{"id":507,"href":"http:\/\/geneaservices.com\/fr\/wp-json\/wp\/v2\/pages\/65\/revisions\/507"}],"wp:featuredmedia":[{"embeddable":true,"href":"http:\/\/geneaservices.com\/fr\/wp-json\/wp\/v2\/media\/347"}],"wp:attachment":[{"href":"http:\/\/geneaservices.com\/fr\/wp-json\/wp\/v2\/media?parent=65"}],"curies":[{"name":"wp","href":"https:\/\/api.w.org\/{rel}","templated":true}]}}