{"id":286,"date":"2022-10-03T11:50:01","date_gmt":"2022-10-03T09:50:01","guid":{"rendered":"http:\/\/geneaservices.com\/?page_id=286"},"modified":"2026-01-15T13:05:58","modified_gmt":"2026-01-15T12:05:58","slug":"our-experts-professional-genealogists-family-historians-france-probate-genealogie-successoral-genealogie-familiale","status":"publish","type":"page","link":"http:\/\/geneaservices.com\/fr\/our-experts-professional-genealogists-family-historians-france-probate-genealogie-successoral-genealogie-familiale\/","title":{"rendered":"Our Experts"},"content":{"rendered":"<div id=\"wp-block-themeisle-blocks-advanced-columns-426b06d9\" class=\"wp-block-themeisle-blocks-advanced-columns has-2-columns has-desktop-equal-layout has-tablet-equal-layout has-mobile-equal-layout has-vertical-unset\"><div class=\"wp-block-themeisle-blocks-advanced-columns-overlay\"><\/div><div class=\"innerblocks-wrap\">\n<div id=\"wp-block-themeisle-blocks-advanced-column-cdfa8b13\" class=\"wp-block-themeisle-blocks-advanced-column\">\n<figure class=\"wp-block-image size-full\"><a href=\"https:\/\/www.icapgen.org\/\" target=\"_blank\" rel=\"noreferrer noopener\"><img loading=\"lazy\" decoding=\"async\" width=\"357\" height=\"113\" src=\"http:\/\/geneaservices.com\/wp-content\/uploads\/2022\/09\/ICAPGenlogo.jpg\" alt=\"\" class=\"wp-image-133\" srcset=\"http:\/\/geneaservices.com\/wp-content\/uploads\/2022\/09\/ICAPGenlogo.jpg 357w, http:\/\/geneaservices.com\/wp-content\/uploads\/2022\/09\/ICAPGenlogo-300x95.jpg 300w\" sizes=\"auto, (max-width: 357px) 100vw, 357px\" \/><\/a><\/figure>\n<\/div>\n\n\n\n<div id=\"wp-block-themeisle-blocks-advanced-column-18453796\" class=\"wp-block-themeisle-blocks-advanced-column\"><\/div>\n<\/div><\/div>\n\n\n\n<p>Renaud a travaill\u00e9 sur plusieurs projets d'histoire familiale qui ont n\u00e9cessit\u00e9 des sources ou des connaissances historiques sp\u00e9cifiques. Il est un g\u00e9n\u00e9alogiste agr\u00e9e de ICAPGen. <a href=\"https:\/\/icapgen.org\/find-a-professional\/marie-renaud\/\" target=\"_blank\" rel=\"noreferrer noopener\">g\u00e9n\u00e9alogiste agr\u00e9e par l\u2019ICAPGen.<\/a><\/p>\n\n\n\n<p>Originaire des Etats-Unis, Aim\u00e9e a \u00e9tudi\u00e9 et a travaill\u00e9 sur plusieurs dossiers de l'histoire familiale et de la recherche successorale en France. Elle a une bonne connaissance des diff\u00e9rents sources et o\u00f9 elles se trouvent. Elle tient un certificat de l'Histoire Familiale, sp\u00e9cialis\u00e9 en France, de Brigham Young Universit\u00e9 aux Etats-Unis et a compl\u00e9t\u00e9 sa formation sur la g\u00e9n\u00e9alogie successorale de I.F.F.G. (Institut Fran\u00e7aise de Formation \u00e0 la G\u00e9n\u00e9alogie). <\/p>\n\n\n\n<p>Renaud and Aimee have been working as Professional Genealogists since 2006. They have helped many get past complicated blocks in their family history, finding living relatives, hosted many students who were learning to become genealogists, have provided support to individuals as consultants with RootsTech, and have been subcontracted by various genealogy groups from various countries. Their combined knowledge of cultures, sources and history has proven to make them a powerful team.<\/p>\n\n\n\n<p>Besides working in France, they are not unfamiliar with working with neighboring countries where family lines may cross and immigraiton or emigration may be found. Countries they are familiar with are the United States, Italy, Switzerland, Belgium, Germany, England, Spain, Morocco, Algeria and Tunisia.<\/p>\n\n\n\n<p><\/p>","protected":false},"excerpt":{"rendered":"<p>Renaud has worked on several family history projects that have required special sources or knowledge of history as well as different legal cases such as inheritance or naturalisation files. He is an Accredited Genealogist through ICAPGen Aimee has studied and worked on a wide range of family history and probate [&hellip;]<\/p>","protected":false},"author":1,"featured_media":0,"parent":0,"menu_order":0,"comment_status":"closed","ping_status":"closed","template":"","meta":{"_themeisle_gutenberg_block_has_review":false,"footnotes":""},"class_list":["post-286","page","type-page","status-publish","hentry"],"_links":{"self":[{"href":"http:\/\/geneaservices.com\/fr\/wp-json\/wp\/v2\/pages\/286","targetHints":{"allow":["GET"]}}],"collection":[{"href":"http:\/\/geneaservices.com\/fr\/wp-json\/wp\/v2\/pages"}],"about":[{"href":"http:\/\/geneaservices.com\/fr\/wp-json\/wp\/v2\/types\/page"}],"author":[{"embeddable":true,"href":"http:\/\/geneaservices.com\/fr\/wp-json\/wp\/v2\/users\/1"}],"replies":[{"embeddable":true,"href":"http:\/\/geneaservices.com\/fr\/wp-json\/wp\/v2\/comments?post=286"}],"version-history":[{"count":23,"href":"http:\/\/geneaservices.com\/fr\/wp-json\/wp\/v2\/pages\/286\/revisions"}],"predecessor-version":[{"id":556,"href":"http:\/\/geneaservices.com\/fr\/wp-json\/wp\/v2\/pages\/286\/revisions\/556"}],"wp:attachment":[{"href":"http:\/\/geneaservices.com\/fr\/wp-json\/wp\/v2\/media?parent=286"}],"curies":[{"name":"wp","href":"https:\/\/api.w.org\/{rel}","templated":true}]}}