{"id":489,"date":"2025-02-28T22:55:01","date_gmt":"2025-02-28T21:55:01","guid":{"rendered":"http:\/\/geneaservices.com\/?page_id=489"},"modified":"2025-02-28T22:56:57","modified_gmt":"2025-02-28T21:56:57","slug":"mentions-legales","status":"publish","type":"page","link":"http:\/\/geneaservices.com\/en\/mentions-legales\/","title":{"rendered":"Mentions L\u00e9gales"},"content":{"rendered":"\n<p><strong>Editeur<\/strong><\/p>\n\n\n\n<p>Etude Geneaservices<\/p>\n\n\n\n<div class=\"wp-block-group\"><div class=\"wp-block-group__inner-container is-layout-constrained wp-block-group-is-layout-constrained\">\n<p>13 rue Michel DUBOYS- 72220, Marign\u00e9-Laill\u00e9 &#8211; France<\/p>\n\n\n\n<p><strong>T\u00e9l\u00e9phone<\/strong>: 07.49.79.45.87<\/p>\n\n\n\n<p><strong>Email<\/strong>: research@geneaservices.com<\/p>\n\n\n\n<p><strong>Entrepreneur Individuel<\/strong>: <a href=\"https:\/\/www.pappers.fr\/entreprise\/marie-aimee-488606617\" target=\"_blank\" rel=\"noopener\">Siret n\u00b0 488 606 617<\/a><\/p>\n\n\n\n<p><strong>Directeur de la publication:<\/strong> Aimee MARIE<\/p>\n<\/div><\/div>\n\n\n\n<p><\/p>\n\n\n\n<p><strong>Propri\u00e9t\u00e9 intellectuelle et marques<\/strong><\/p>\n\n\n\n<p>tous les \u00e9l\u00e9ments de ce site (notamment logos, images et textes) sont la propri\u00e9t\u00e9 de l&#8217;Etude Geneaservices, \u00e0 l&#8217;exclusion des \u00e9l\u00e9ments \u00e9manant de ses partenaires, et sont prot\u00e9g\u00e9s \u00e0 ce titre par la l\u00e9gislation relative aux droits de propri\u00e9t\u00e9 intellectuelle et aux bases de donn\u00e9es. <\/p>\n\n\n\n<p>L&#8217;utilisateur ne peut en aucun cas utiliser, distribuer, copier, reproduire, modifier, d\u00e9naturer ou transmettre le site ou des \u00e9l\u00e9ments du site tels que, sans que cette liste soit limitative, les textes, images, marques et logos sans l&#8217;autorisation \u00e9crite et pr\u00e9alable de l&#8217;Etude Geneaservices, ou des titulaires des droits. <\/p>\n\n\n\n<p>Le non-respect de cette interdiction peut constituer une contrefa\u00e7on des droits de propri\u00e9t\u00e9 intellectuelle et peut \u00e0 ce titre engager votre responsabilit\u00e9, y compris dans le cadre d&#8217;une action p\u00e9nale. <\/p>\n\n\n\n<p><\/p>\n\n\n\n<p><strong>Loi Informatique et Libert\u00e9s<\/strong><\/p>\n\n\n\n<p>Conform\u00e9ment \u00e0 la loi n\u00b078-17 du 6 janvier 1978 relative \u00e0 l&#8217;Informatique, aux fichiers et aux libert\u00e9s, vous disposez d&#8217;un droit d&#8217;acc\u00e8s, de modification, de rectification et de suppression des donn\u00e9es qui vous concernent. Si vous souhaitez exercer ce droit, il vous suffit de nous \u00e9crire \u00e0 l&#8217;adresse en haut de cette page. <\/p>\n\n\n\n<p><\/p>\n","protected":false},"excerpt":{"rendered":"<p>Editeur Etude Geneaservices 13 rue Michel DUBOYS- 72220, Marign\u00e9-Laill\u00e9 &#8211; France T\u00e9l\u00e9phone: 07.49.79.45.87 Email: research@geneaservices.com Entrepreneur Individuel: Siret n\u00b0 488 606 617 Directeur de la publication: Aimee MARIE Propri\u00e9t\u00e9 intellectuelle et marques tous les \u00e9l\u00e9ments de ce site (notamment logos, images et textes) sont la propri\u00e9t\u00e9 de l&#8217;Etude Geneaservices, \u00e0 [&hellip;]<\/p>\n","protected":false},"author":1,"featured_media":0,"parent":0,"menu_order":0,"comment_status":"closed","ping_status":"closed","template":"","meta":{"_themeisle_gutenberg_block_has_review":false,"footnotes":""},"class_list":["post-489","page","type-page","status-publish","hentry"],"_links":{"self":[{"href":"http:\/\/geneaservices.com\/en\/wp-json\/wp\/v2\/pages\/489","targetHints":{"allow":["GET"]}}],"collection":[{"href":"http:\/\/geneaservices.com\/en\/wp-json\/wp\/v2\/pages"}],"about":[{"href":"http:\/\/geneaservices.com\/en\/wp-json\/wp\/v2\/types\/page"}],"author":[{"embeddable":true,"href":"http:\/\/geneaservices.com\/en\/wp-json\/wp\/v2\/users\/1"}],"replies":[{"embeddable":true,"href":"http:\/\/geneaservices.com\/en\/wp-json\/wp\/v2\/comments?post=489"}],"version-history":[{"count":2,"href":"http:\/\/geneaservices.com\/en\/wp-json\/wp\/v2\/pages\/489\/revisions"}],"predecessor-version":[{"id":493,"href":"http:\/\/geneaservices.com\/en\/wp-json\/wp\/v2\/pages\/489\/revisions\/493"}],"wp:attachment":[{"href":"http:\/\/geneaservices.com\/en\/wp-json\/wp\/v2\/media?parent=489"}],"curies":[{"name":"wp","href":"https:\/\/api.w.org\/{rel}","templated":true}]}}