{"id":486,"date":"2025-02-28T22:59:01","date_gmt":"2025-02-28T21:59:01","guid":{"rendered":"http:\/\/geneaservices.com\/?page_id=486"},"modified":"2026-01-13T23:14:29","modified_gmt":"2026-01-13T22:14:29","slug":"reglement-general-sur-la-protection-des-donnees","status":"publish","type":"page","link":"http:\/\/geneaservices.com\/en\/reglement-general-sur-la-protection-des-donnees\/","title":{"rendered":"R\u00e8glement G\u00e9n\u00e9ral sur la Protection des Donn\u00e9es"},"content":{"rendered":"<p>[uc_embedding class=&#8221;gdpr&#8221; show-toggle=&#8221;false&#8221; type=&#8221;all&#8221;]<\/p>\n\n\n\n<p><strong><span style=\"text-decoration: underline;\">Politique des donn\u00e9es personnelles<\/span><\/strong>: <em>La pr\u00e9sente politique d&#8217;utilisation des donn\u00e9es personnelles est faite conform\u00e9ment aux dispositions de la Loi n\u00b0 78-17 du 6 janvier 1978 (dite &#8216;Loi informatique et libert\u00e9s&#8217; ou &#8216;LIL&#8217;) et du R\u00e8glement G\u00e9n\u00e9ral sur la protection des Donn\u00e9es Personnelles (RGPD) n\u00b02016\/679. <\/em><\/p>\n\n\n\n<p><strong><span style=\"text-decoration: underline;\">Les donn\u00e9es pertinentes:<\/span><\/strong> <em>L&#8217;Etude Geneaservices collecte les informations personnelles suivantes: nom, pr\u00e9nom, dates et lieux de l&#8217;\u00e9tat-civil, noms des parents et des conjoints, profession, adresse, adresse \u00e9lectronique, num\u00e9ro de t\u00e9l\u00e9phone, ainsi que toute autre information n\u00e9cessaire \u00e0 la recherche et \u00e0 l&#8217;\u00e9tablissement d&#8217;arbres g\u00e9n\u00e9alogiques. <\/em><\/p>\n\n\n\n<p><strong><span style=\"text-decoration: underline;\">Les finalit\u00e9s du traitement:<\/span><\/strong> <em>Les donn\u00e9es personnelles sp\u00e9cifiques par l&#8217;Etude Geneaservices sont utilis\u00e9es dans le but de fournir des services de g\u00e9n\u00e9alogie. <\/em><\/p>\n\n\n\n<p><strong><span style=\"text-decoration: underline;\">La base l\u00e9gale du traitement<\/span><\/strong>: <em>Le traitement des donn\u00e9es personnelles par l&#8217;Etude Geneaservices est bas\u00e9 sur le consentement du client ou la n\u00e9cessit\u00e9 de traiter les donn\u00e9es pour effectuer un contrat avec le client.<\/em> <\/p>\n\n\n\n<p><strong><span style=\"text-decoration: underline;\">Les destinataires des donn\u00e9es:<\/span><\/strong> <em>Les donn\u00e9es personnelles requises par l&#8217;Etude Geneaservices peuvent \u00eatre communiqu\u00e9es \u00e0 des tiers impliqu\u00e9s dans la fourniture des services de g\u00e9n\u00e9alogie ou \u00e0 d&#8217;autres tiers tels que les autorit\u00e9s judiciaires ou administratives, si cela est n\u00e9cessaire. <\/em><\/p>\n\n\n\n<p><strong><span style=\"text-decoration: underline;\">La dur\u00e9e de conservation des donn\u00e9es<\/span><\/strong>: <em>Les donn\u00e9es personnelles fournies par l&#8217;Etude Geneaservices sont conserv\u00e9es jusqu&#8217;\u00e0 6 mois apr\u00e8s la remise du dossier au client. Si une nouvelle demande \u00e9mane du m\u00eame client, les supports remis pourront \u00eatre r\u00e9int\u00e9gr\u00e9s et conserv\u00e9s durant la prestation. <\/em><\/p>\n\n\n\n<p><strong><span style=\"text-decoration: underline;\">Les droits des personnes concern\u00e9es:<\/span><\/strong> <em>Le client dispose des droits suivants en mati\u00e8re de protection des donn\u00e9es personnelles: le droit d&#8217;acc\u00e8s, de rectification, d&#8217;effacement, de limitation du traitement et de portabilit\u00e9 des donn\u00e9es, ainsi que le droit d&#8217;opposition au traitement dans certaines circonstances. Pour exercer ces droits, le client peut contacter l&#8217;Etude Geneaservices par courrier \u00e9lectronique ou postal. <\/em><\/p>\n\n\n\n<p><span style=\"text-decoration: underline;\">Les mesures de s\u00e9curit\u00e9 mises en place:<\/span><em> L&#8217;Etude Geneaservices a mis en place des mesures de s\u00e9curit\u00e9 techniques et organisationnelles pour prot\u00e9ger les donn\u00e9es personnelles de ses clients, telle que le cryptage des donn\u00e9es, l&#8217;acc\u00e8s restreint aux informations personnelles, ainsi que des proc\u00e9dures de sauvegarde et de restauration des donn\u00e9es en cas d&#8217;incident. <\/em><\/p>\n\n\n\n<p><strong><span style=\"text-decoration: underline;\">Identit\u00e9 et coordonn\u00e9es du responsable du traitement:<\/span><\/strong> <em> Aim\u00e9e MARIE &#8211; 13, rue Michel DUBOYS, 72220 Marign\u00e9-Laill\u00e9 &#8211; t\u00e9l\u00e9phone 07 49 79 45 87 &#8211; email: research@geneaservices.com. <\/em><\/p>\n\n\n\n<p><em>Vous b\u00e9n\u00e9ficiez d&#8217;un droit d&#8217;acc\u00e8s et de rectification aux informations qui vous concernent. Si vous souhaitez exercer ce droit et obtenir communication des informations vous concernant, veuillez-vous adresser a l&#8217;Etude Geneaservices- 13 rue Michel DUBOYS, 72220 Marign\u00e9-Laill\u00e9. <\/em><\/p>\n\n\n\n<p><\/p>\n","protected":false},"excerpt":{"rendered":"<p>Politique des donn\u00e9es personnelles: La pr\u00e9sente politique d&#8217;utilisation des donn\u00e9es personnelles est faite conform\u00e9ment aux dispositions de la Loi n\u00b0 78-17 du 6 janvier 1978 (dite &#8216;Loi informatique et libert\u00e9s&#8217; ou &#8216;LIL&#8217;) et du R\u00e8glement G\u00e9n\u00e9ral sur la protection des Donn\u00e9es Personnelles (RGPD) n\u00b02016\/679. Les donn\u00e9es pertinentes: L&#8217;Etude Geneaservices collecte [&hellip;]<\/p>\n","protected":false},"author":1,"featured_media":0,"parent":0,"menu_order":0,"comment_status":"closed","ping_status":"closed","template":"","meta":{"_themeisle_gutenberg_block_has_review":false,"footnotes":""},"class_list":["post-486","page","type-page","status-publish","hentry"],"_links":{"self":[{"href":"http:\/\/geneaservices.com\/en\/wp-json\/wp\/v2\/pages\/486","targetHints":{"allow":["GET"]}}],"collection":[{"href":"http:\/\/geneaservices.com\/en\/wp-json\/wp\/v2\/pages"}],"about":[{"href":"http:\/\/geneaservices.com\/en\/wp-json\/wp\/v2\/types\/page"}],"author":[{"embeddable":true,"href":"http:\/\/geneaservices.com\/en\/wp-json\/wp\/v2\/users\/1"}],"replies":[{"embeddable":true,"href":"http:\/\/geneaservices.com\/en\/wp-json\/wp\/v2\/comments?post=486"}],"version-history":[{"count":5,"href":"http:\/\/geneaservices.com\/en\/wp-json\/wp\/v2\/pages\/486\/revisions"}],"predecessor-version":[{"id":511,"href":"http:\/\/geneaservices.com\/en\/wp-json\/wp\/v2\/pages\/486\/revisions\/511"}],"wp:attachment":[{"href":"http:\/\/geneaservices.com\/en\/wp-json\/wp\/v2\/media?parent=486"}],"curies":[{"name":"wp","href":"https:\/\/api.w.org\/{rel}","templated":true}]}}